{"id":1494,"date":"2021-08-04T14:21:43","date_gmt":"2021-08-04T12:21:43","guid":{"rendered":"http:\/\/r-js.pl\/?page_id=1494"},"modified":"2025-03-13T10:32:18","modified_gmt":"2025-03-13T09:32:18","slug":"formularz","status":"publish","type":"page","link":"https:\/\/r-js.pl\/index.php\/formularz\/","title":{"rendered":"Formularz"},"content":{"rendered":"<h3><span style=\"color: #ff6600;\">Wype\u0142nij poni\u017cszy formularz i do\u0142\u0105cz do nas !<\/span><\/h3>\n\n            <div \n                class=\"elfsight-widget-contact-form elfsight-widget\" \n                data-elfsight-contact-form-options=\"%7B%22ei%22%3A%22%22%2C%22fields%22%3A%5B%7B%22type%22%3A%22text%22%2C%22placeholder%22%3A%22%22%2C%22description%22%3A%22%22%2C%22label%22%3A%22Imi%5Cu0119%3A%22%2C%22required%22%3Afalse%2C%22columnWidth%22%3A50%2C%22id%22%3A%22%5Bimi%5Cu0119%3A%5D%22%7D%2C%7B%22type%22%3A%22email%22%2C%22label%22%3A%22E-mail%3A%22%2C%22description%22%3A%22%22%2C%22placeholder%22%3A%22%22%2C%22required%22%3Atrue%2C%22columnWidth%22%3A50%2C%22id%22%3A%22%5Be-mail%3A%5D%22%7D%2C%7B%22type%22%3A%22phone%22%2C%22label%22%3A%22Numer%20telefonu%3A%22%2C%22name%22%3A%22%22%2C%22placeholder%22%3A%22tutaj%20wpisz%20numer%20telefonu%20do%20kontaktu%22%2C%22options%22%3A%22Option%201%5CnOption%202%22%2C%22scaleNumbersMin%22%3A1%2C%22scaleNumbersMax%22%3A10%2C%22leftCaption%22%3A%22Not%20likely%22%2C%22rightCaption%22%3A%22Very%20likely%22%2C%22fileLinkCaption%22%3A%22Choose%20file%22%2C%22fileDragCaption%22%3A%22or%20drag%20%26%20drop%20here%22%2C%22text%22%3A%22Text%22%2C%22title%22%3A%22Heading%22%2C%22caption%22%3A%22%22%2C%22value%22%3A%22%22%2C%22labelText%22%3A%22Label%22%2C%22dateTime%22%3A%22date%22%2C%22dateFormat%22%3A%22d.m.Y%22%2C%22timeFormat%22%3A%22H%3Ai%22%2C%22starsCount%22%3A5%2C%22required%22%3Afalse%2C%22description%22%3A%22%22%2C%22columnWidth%22%3A50%2C%22elementColumnWidth%22%3A100%2C%22fileAllowedAll%22%3Atrue%2C%22fileAllowed%22%3A%5B%22.jpg%22%2C%22.jpeg%22%2C%22.png%22%2C%22.gif%22%2C%22.txt%22%2C%22.pdf%22%2C%22.doc%22%2C%22.docx%22%2C%22.pages%22%2C%22.numbers%22%2C%22.xls%22%2C%22.xlsx%22%2C%22.odt%22%2C%22.ppt%22%2C%22.pptx%22%2C%22.pps%22%2C%22.ppsx%22%2C%22.html%22%5D%2C%22fileMax%22%3A25%2C%22fields%22%3A%22%22%2C%22id%22%3A%22%5Bnumer-telefonu%3A%5D%22%7D%2C%7B%22type%22%3A%22textarea%22%2C%22label%22%3A%22Wiadomo%5Cu015b%5Cu0107%3A%22%2C%22description%22%3A%22%22%2C%22placeholder%22%3A%22%22%2C%22required%22%3Afalse%2C%22columnWidth%22%3A100%2C%22id%22%3A%22%5Bwiadomo%5Cu015b%5Cu0107%3A%5D%22%7D%2C%7B%22type%22%3A%22file%22%2C%22label%22%3A%22Za%5Cu0142%5Cu0105cznik%22%2C%22description%22%3A%22%22%2C%22fileLinkCaption%22%3A%22Wybierz%20plik%22%2C%22fileDragCaption%22%3A%22lub%20chwy%5Cu0107%20i%20przeci%5Cu0105gnij%20tutaj%22%2C%22fileAllowedAll%22%3Atrue%2C%22fileMax%22%3A25%2C%22required%22%3Afalse%2C%22fileAllowed%22%3A%5B%22.jpg%22%2C%22.jpeg%22%2C%22.png%22%2C%22.gif%22%2C%22.txt%22%2C%22.pdf%22%2C%22.doc%22%2C%22.docx%22%2C%22.pages%22%2C%22.numbers%22%2C%22.xls%22%2C%22.xlsx%22%2C%22.odt%22%2C%22.ppt%22%2C%22.pptx%22%2C%22.pps%22%2C%22.ppsx%22%2C%22.html%22%5D%7D%5D%2C%22headerActive%22%3Atrue%2C%22headerTitle%22%3A%22Zostaw%20wiadomo%5Cu015b%5Cu0107%2C%20odpowiemy%20najszybciej%20jak%20to%20mo%5Cu017cliwe.%22%2C%22headerText%22%3A%22%22%2C%22headerPictureUrl%22%3A%22message%22%2C%22footerText%22%3A%22%22%2C%22actionAfterSubmit%22%3A%22message%22%2C%22successMessage%22%3A%22Twoja%20wiadomo%5Cu015b%5Cu0107%20zosta%5Cu0142a%20pomy%5Cu015blnie%20wys%5Cu0142ana%21%20Odpowiemy%20Ci%20wkr%5Cu00f3tce.%22%2C%22successContinueText%22%3A%22OK%22%2C%22redirectUrl%22%3A%22https%3A%5C%2F%5C%2Fexample.com%22%2C%22submitText%22%3A%22Wy%5Cu015blij%22%2C%22stepsMessagesDivider%22%3Anull%2C%22stepsMessagesTitle%22%3Anull%2C%22stepsText%22%3A%22step%20%251%20of%20%252%22%2C%22stepBackText%22%3A%22Back%22%2C%22stepNextText%22%3A%22Next%22%2C%22errorMessageAllRequired%22%3A%22Prosz%5Cu0119%20wype%5Cu0142ni%5Cu0107%20wszystkie%20wymagane%20pola%22%2C%22errorMessageAllIncorrect%22%3A%22Prosz%5Cu0119%20wype%5Cu0142ni%5Cu0107%20poprawnie%20wszystkie%20pola%22%2C%22errorMessageSetMailTo%22%3A%22Prosz%5Cu0119%20ustawi%5Cu0107%20adres%20e-mail%2C%20na%20kt%5Cu00f3ry%20b%5Cu0119d%5Cu0105%20wysy%5Cu0142ane%20wiadomo%5Cu015bci%22%2C%22errorMessageRequiredCaptcha%22%3A%22Prosz%5Cu0119%20wprowadzi%5Cu0107%20kod%20captcha%22%2C%22errorMessageFileSizeLimit%22%3A%22Przekroczono%20limit%20rozmiaru%20pliku%22%2C%22errorMessageFileNotAllowed%22%3A%22Niedozwolone%20rozszerzenie%20pliku%22%2C%22errorMessageUnknown%22%3A%22Unknown%20error%22%2C%22errorMessageRequired%22%3A%22Pole%20wymagane%22%2C%22errorMessageInvalid%22%3A%22Nieprawid%5Cu0142owy%22%2C%22errorMessageInvalidEmail%22%3A%22Nieprawid%5Cu0142owy%20email%22%2C%22errorMessageInvalidPhone%22%3A%22Nieprawid%5Cu0142owy%20numer%20telefonu%22%2C%22errorMessageInvalidUrl%22%3A%22Nieprawid%5Cu0142owy%20URL%22%2C%22calendarWeekdaysShorthand%22%3A%22Sun%5CnMon%5CnTue%5CnWed%5CnThu%5CnFri%5CnSat%22%2C%22calendarMonthsLonghand%22%3A%22January%5CnFebruary%5CnMarch%5CnApril%5CnMay%5CnJune%5CnJuly%5CnAugust%5CnSeptember%5CnOctober%5CnNovember%5CnDecember%22%2C%22showProgress%22%3Atrue%2C%22recaptchaType%22%3A%22invisible%22%2C%22integrationsGoogleToken%22%3A%22%22%2C%22integrationsGoogleSheetId%22%3A%22%22%2C%22layout%22%3A%22default%22%2C%22floatingIcon%22%3A%22message%22%2C%22floatingText%22%3A%22%22%2C%22floatingPosition%22%3A%22right%22%2C%22width%22%3A%221200px%22%2C%22style%22%3A%22classic%22%2C%22mainColor%22%3A%22rgb%28255%2C%2090%2C%200%29%22%2C%22apiUrl%22%3A%22https%3A%5C%2F%5C%2Fr-js.pl%5C%2Findex.php%5C%2Fwp-json%5C%2Felfsight-contact-form%5C%2Fapi%22%2C%22recaptchaKeyCheckbox%22%3A%226LfXGHgUAAAAAHNIE_EH7kEI1l4xvf_ynIlg5bfo%22%2C%22recaptchaKeyInvisible%22%3A%226Ld1CXgUAAAAAFTHmixC1Eo-NP7_3ddB1YOj9AfX%22%2C%22widgetId%22%3A%221%22%7D\" \n                data-elfsight-contact-form-version=\"2.3.1\"\n                data-elfsight-widget-id=\"elfsight-contact-form-1\">\n            <\/div>\n            \n","protected":false},"excerpt":{"rendered":"<p>Wype\u0142nij poni\u017cszy formularz i do\u0142\u0105cz do nas !<\/p>\n","protected":false},"author":1,"featured_media":0,"parent":0,"menu_order":0,"comment_status":"closed","ping_status":"closed","template":"","meta":{"footnotes":""},"class_list":["post-1494","page","type-page","status-publish","hentry"],"yoast_head":"<!-- This site is optimized with the Yoast SEO plugin v24.2 - https:\/\/yoast.com\/wordpress\/plugins\/seo\/ -->\n<title>Formularz - RJS - Rusztowania Jonas Scaffolding - Grudzi\u0105dz<\/title>\n<meta name=\"robots\" content=\"index, follow, max-snippet:-1, max-image-preview:large, max-video-preview:-1\" \/>\n<link rel=\"canonical\" href=\"https:\/\/r-js.pl\/index.php\/formularz\/\" \/>\n<meta property=\"og:locale\" content=\"pl_PL\" \/>\n<meta property=\"og:type\" content=\"article\" \/>\n<meta property=\"og:title\" content=\"Formularz - RJS - Rusztowania Jonas Scaffolding - Grudzi\u0105dz\" \/>\n<meta property=\"og:description\" content=\"Wype\u0142nij poni\u017cszy formularz i do\u0142\u0105cz do nas !\" \/>\n<meta property=\"og:url\" content=\"https:\/\/r-js.pl\/index.php\/formularz\/\" \/>\n<meta property=\"og:site_name\" content=\"RJS - Rusztowania Jonas Scaffolding - Grudzi\u0105dz\" \/>\n<meta property=\"article:modified_time\" content=\"2025-03-13T09:32:18+00:00\" \/>\n<meta name=\"twitter:card\" content=\"summary_large_image\" \/>\n<meta name=\"twitter:label1\" content=\"Szacowany czas czytania\" \/>\n\t<meta name=\"twitter:data1\" content=\"1 minuta\" \/>\n<script type=\"application\/ld+json\" class=\"yoast-schema-graph\">{\"@context\":\"https:\/\/schema.org\",\"@graph\":[{\"@type\":\"WebPage\",\"@id\":\"https:\/\/r-js.pl\/index.php\/formularz\/\",\"url\":\"https:\/\/r-js.pl\/index.php\/formularz\/\",\"name\":\"Formularz - RJS - Rusztowania Jonas Scaffolding - Grudzi\u0105dz\",\"isPartOf\":{\"@id\":\"https:\/\/r-js.pl\/#website\"},\"datePublished\":\"2021-08-04T12:21:43+00:00\",\"dateModified\":\"2025-03-13T09:32:18+00:00\",\"breadcrumb\":{\"@id\":\"https:\/\/r-js.pl\/index.php\/formularz\/#breadcrumb\"},\"inLanguage\":\"pl-PL\",\"potentialAction\":[{\"@type\":\"ReadAction\",\"target\":[\"https:\/\/r-js.pl\/index.php\/formularz\/\"]}]},{\"@type\":\"BreadcrumbList\",\"@id\":\"https:\/\/r-js.pl\/index.php\/formularz\/#breadcrumb\",\"itemListElement\":[{\"@type\":\"ListItem\",\"position\":1,\"name\":\"Strona g\u0142\u00f3wna\",\"item\":\"https:\/\/r-js.pl\/\"},{\"@type\":\"ListItem\",\"position\":2,\"name\":\"Formularz\"}]},{\"@type\":\"WebSite\",\"@id\":\"https:\/\/r-js.pl\/#website\",\"url\":\"https:\/\/r-js.pl\/\",\"name\":\"RJS - Rusztowania Jonas Scaffolding - Grudzi\u0105dz\",\"description\":\"RJS - Rusztowania Jonas Scaffolding - Grudzi\u0105dz. Oferowane przez nas rusztowania s\u0105 powszechnie stosowane do prac elewacyjnych, w przemy\u015ble stoczniowym, papierniczym, energetycznym, drogowym jak i do monta\u017cu w pomieszczeniach, zbiornikach, kominach, uk\u0142adach przestrzennych.\",\"potentialAction\":[{\"@type\":\"SearchAction\",\"target\":{\"@type\":\"EntryPoint\",\"urlTemplate\":\"https:\/\/r-js.pl\/?s={search_term_string}\"},\"query-input\":{\"@type\":\"PropertyValueSpecification\",\"valueRequired\":true,\"valueName\":\"search_term_string\"}}],\"inLanguage\":\"pl-PL\"}]}<\/script>\n<!-- \/ Yoast SEO plugin. -->","yoast_head_json":{"title":"Formularz - RJS - Rusztowania Jonas Scaffolding - Grudzi\u0105dz","robots":{"index":"index","follow":"follow","max-snippet":"max-snippet:-1","max-image-preview":"max-image-preview:large","max-video-preview":"max-video-preview:-1"},"canonical":"https:\/\/r-js.pl\/index.php\/formularz\/","og_locale":"pl_PL","og_type":"article","og_title":"Formularz - RJS - Rusztowania Jonas Scaffolding - Grudzi\u0105dz","og_description":"Wype\u0142nij poni\u017cszy formularz i do\u0142\u0105cz do nas !","og_url":"https:\/\/r-js.pl\/index.php\/formularz\/","og_site_name":"RJS - Rusztowania Jonas Scaffolding - Grudzi\u0105dz","article_modified_time":"2025-03-13T09:32:18+00:00","twitter_card":"summary_large_image","twitter_misc":{"Szacowany czas czytania":"1 minuta"},"schema":{"@context":"https:\/\/schema.org","@graph":[{"@type":"WebPage","@id":"https:\/\/r-js.pl\/index.php\/formularz\/","url":"https:\/\/r-js.pl\/index.php\/formularz\/","name":"Formularz - RJS - Rusztowania Jonas Scaffolding - Grudzi\u0105dz","isPartOf":{"@id":"https:\/\/r-js.pl\/#website"},"datePublished":"2021-08-04T12:21:43+00:00","dateModified":"2025-03-13T09:32:18+00:00","breadcrumb":{"@id":"https:\/\/r-js.pl\/index.php\/formularz\/#breadcrumb"},"inLanguage":"pl-PL","potentialAction":[{"@type":"ReadAction","target":["https:\/\/r-js.pl\/index.php\/formularz\/"]}]},{"@type":"BreadcrumbList","@id":"https:\/\/r-js.pl\/index.php\/formularz\/#breadcrumb","itemListElement":[{"@type":"ListItem","position":1,"name":"Strona g\u0142\u00f3wna","item":"https:\/\/r-js.pl\/"},{"@type":"ListItem","position":2,"name":"Formularz"}]},{"@type":"WebSite","@id":"https:\/\/r-js.pl\/#website","url":"https:\/\/r-js.pl\/","name":"RJS - Rusztowania Jonas Scaffolding - Grudzi\u0105dz","description":"RJS - Rusztowania Jonas Scaffolding - Grudzi\u0105dz. Oferowane przez nas rusztowania s\u0105 powszechnie stosowane do prac elewacyjnych, w przemy\u015ble stoczniowym, papierniczym, energetycznym, drogowym jak i do monta\u017cu w pomieszczeniach, zbiornikach, kominach, uk\u0142adach przestrzennych.","potentialAction":[{"@type":"SearchAction","target":{"@type":"EntryPoint","urlTemplate":"https:\/\/r-js.pl\/?s={search_term_string}"},"query-input":{"@type":"PropertyValueSpecification","valueRequired":true,"valueName":"search_term_string"}}],"inLanguage":"pl-PL"}]}},"_links":{"self":[{"href":"https:\/\/r-js.pl\/index.php\/wp-json\/wp\/v2\/pages\/1494","targetHints":{"allow":["GET"]}}],"collection":[{"href":"https:\/\/r-js.pl\/index.php\/wp-json\/wp\/v2\/pages"}],"about":[{"href":"https:\/\/r-js.pl\/index.php\/wp-json\/wp\/v2\/types\/page"}],"author":[{"embeddable":true,"href":"https:\/\/r-js.pl\/index.php\/wp-json\/wp\/v2\/users\/1"}],"replies":[{"embeddable":true,"href":"https:\/\/r-js.pl\/index.php\/wp-json\/wp\/v2\/comments?post=1494"}],"version-history":[{"count":3,"href":"https:\/\/r-js.pl\/index.php\/wp-json\/wp\/v2\/pages\/1494\/revisions"}],"predecessor-version":[{"id":1634,"href":"https:\/\/r-js.pl\/index.php\/wp-json\/wp\/v2\/pages\/1494\/revisions\/1634"}],"wp:attachment":[{"href":"https:\/\/r-js.pl\/index.php\/wp-json\/wp\/v2\/media?parent=1494"}],"curies":[{"name":"wp","href":"https:\/\/api.w.org\/{rel}","templated":true}]}}